{"id":78,"date":"2024-01-04T15:56:58","date_gmt":"2024-01-04T14:56:58","guid":{"rendered":"https:\/\/auchaleureuxcarli.fr\/?page_id=78"},"modified":"2024-01-27T09:25:52","modified_gmt":"2024-01-27T08:25:52","slug":"espace-nuit","status":"publish","type":"page","link":"https:\/\/auchaleureuxcarli.fr\/index.php\/espace-nuit\/","title":{"rendered":"Espace nuit"},"content":{"rendered":"\n<!-- default-view.php -->\n<div\n\tclass=\"ngg-galleryoverview default-view \n\t\t\"\n\tid=\"ngg-gallery-82a01494aa0adf1aa3080c6a645e78f2-1\">\n\n\t\t<!-- Thumbnails -->\n\t\t\t\t<div id=\"ngg-image-0\" class=\"ngg-gallery-thumbnail-box \n\t\t\t\t\t\t\t\t\t\t\t\" \n\t\t\t>\n\t\t\t\t\t\t<div class=\"ngg-gallery-thumbnail\">\n\t\t\t<a href=\"https:\/\/auchaleureuxcarli.fr\/wp-content\/gallery\/la-nuit\/20167822-diaporama-1800x1800-c.jpg\"\n\t\t\t\ttitle=\"\"\n\t\t\t\tdata-src=\"https:\/\/auchaleureuxcarli.fr\/wp-content\/gallery\/la-nuit\/20167822-diaporama-1800x1800-c.jpg\"\n\t\t\t\tdata-thumbnail=\"https:\/\/auchaleureuxcarli.fr\/wp-content\/gallery\/la-nuit\/thumbs\/thumbs-20167822-diaporama-1800x1800-c.jpg\"\n\t\t\t\tdata-image-id=\"4\"\n\t\t\t\tdata-title=\"20167822-diaporama-1800x1800-c\"\n\t\t\t\tdata-description=\"\"\n\t\t\t\tdata-image-slug=\"20167822-diaporama-1800x1800-c\"\n\t\t\t\tclass=\"ngg-simplelightbox\" rel=\"82a01494aa0adf1aa3080c6a645e78f2\">\n\t\t\t\t<img\n\t\t\t\t\ttitle=\"20167822-diaporama-1800x1800-c\"\n\t\t\t\t\talt=\"20167822-diaporama-1800x1800-c\"\n\t\t\t\t\tsrc=\"https:\/\/auchaleureuxcarli.fr\/wp-content\/gallery\/la-nuit\/thumbs\/thumbs-20167822-diaporama-1800x1800-c.jpg\"\n\t\t\t\t\twidth=\"240\"\n\t\t\t\t\theight=\"160\"\n\t\t\t\t\tstyle=\"max-width:100%;\"\n\t\t\t\t\/>\n\t\t\t<\/a>\n\t\t<\/div>\n\t\t\t\t\t\t\t<\/div> \n\t\t\t\n\t\t\t\t<div id=\"ngg-image-1\" class=\"ngg-gallery-thumbnail-box \n\t\t\t\t\t\t\t\t\t\t\t\" \n\t\t\t>\n\t\t\t\t\t\t<div class=\"ngg-gallery-thumbnail\">\n\t\t\t<a href=\"https:\/\/auchaleureuxcarli.fr\/wp-content\/gallery\/la-nuit\/IMG_20230730_101757-Copie.jpg\"\n\t\t\t\ttitle=\"\"\n\t\t\t\tdata-src=\"https:\/\/auchaleureuxcarli.fr\/wp-content\/gallery\/la-nuit\/IMG_20230730_101757-Copie.jpg\"\n\t\t\t\tdata-thumbnail=\"https:\/\/auchaleureuxcarli.fr\/wp-content\/gallery\/la-nuit\/thumbs\/thumbs-IMG_20230730_101757-Copie.jpg\"\n\t\t\t\tdata-image-id=\"5\"\n\t\t\t\tdata-title=\"IMG_20230730_101757-Copie\"\n\t\t\t\tdata-description=\"\"\n\t\t\t\tdata-image-slug=\"img_20230730_101757-copie\"\n\t\t\t\tclass=\"ngg-simplelightbox\" rel=\"82a01494aa0adf1aa3080c6a645e78f2\">\n\t\t\t\t<img\n\t\t\t\t\ttitle=\"IMG_20230730_101757-Copie\"\n\t\t\t\t\talt=\"IMG_20230730_101757-Copie\"\n\t\t\t\t\tsrc=\"https:\/\/auchaleureuxcarli.fr\/wp-content\/gallery\/la-nuit\/thumbs\/thumbs-IMG_20230730_101757-Copie.jpg\"\n\t\t\t\t\twidth=\"240\"\n\t\t\t\t\theight=\"160\"\n\t\t\t\t\tstyle=\"max-width:100%;\"\n\t\t\t\t\/>\n\t\t\t<\/a>\n\t\t<\/div>\n\t\t\t\t\t\t\t<\/div> \n\t\t\t\n\t\t\t\t<div id=\"ngg-image-2\" class=\"ngg-gallery-thumbnail-box \n\t\t\t\t\t\t\t\t\t\t\t\" \n\t\t\t>\n\t\t\t\t\t\t<div class=\"ngg-gallery-thumbnail\">\n\t\t\t<a href=\"https:\/\/auchaleureuxcarli.fr\/wp-content\/gallery\/la-nuit\/IMG_20230730_101439-Copie.jpg\"\n\t\t\t\ttitle=\"\"\n\t\t\t\tdata-src=\"https:\/\/auchaleureuxcarli.fr\/wp-content\/gallery\/la-nuit\/IMG_20230730_101439-Copie.jpg\"\n\t\t\t\tdata-thumbnail=\"https:\/\/auchaleureuxcarli.fr\/wp-content\/gallery\/la-nuit\/thumbs\/thumbs-IMG_20230730_101439-Copie.jpg\"\n\t\t\t\tdata-image-id=\"6\"\n\t\t\t\tdata-title=\"IMG_20230730_101439-Copie\"\n\t\t\t\tdata-description=\"\"\n\t\t\t\tdata-image-slug=\"img_20230730_101439-copie\"\n\t\t\t\tclass=\"ngg-simplelightbox\" rel=\"82a01494aa0adf1aa3080c6a645e78f2\">\n\t\t\t\t<img\n\t\t\t\t\ttitle=\"IMG_20230730_101439-Copie\"\n\t\t\t\t\talt=\"IMG_20230730_101439-Copie\"\n\t\t\t\t\tsrc=\"https:\/\/auchaleureuxcarli.fr\/wp-content\/gallery\/la-nuit\/thumbs\/thumbs-IMG_20230730_101439-Copie.jpg\"\n\t\t\t\t\twidth=\"240\"\n\t\t\t\t\theight=\"160\"\n\t\t\t\t\tstyle=\"max-width:100%;\"\n\t\t\t\t\/>\n\t\t\t<\/a>\n\t\t<\/div>\n\t\t\t\t\t\t\t<\/div> \n\t\t\t\n\t\t\t\t<div id=\"ngg-image-3\" class=\"ngg-gallery-thumbnail-box \n\t\t\t\t\t\t\t\t\t\t\t\" \n\t\t\t>\n\t\t\t\t\t\t<div class=\"ngg-gallery-thumbnail\">\n\t\t\t<a href=\"https:\/\/auchaleureuxcarli.fr\/wp-content\/gallery\/la-nuit\/20167828-diaporama-1800x1800-c.jpg\"\n\t\t\t\ttitle=\"\"\n\t\t\t\tdata-src=\"https:\/\/auchaleureuxcarli.fr\/wp-content\/gallery\/la-nuit\/20167828-diaporama-1800x1800-c.jpg\"\n\t\t\t\tdata-thumbnail=\"https:\/\/auchaleureuxcarli.fr\/wp-content\/gallery\/la-nuit\/thumbs\/thumbs-20167828-diaporama-1800x1800-c.jpg\"\n\t\t\t\tdata-image-id=\"7\"\n\t\t\t\tdata-title=\"20167828-diaporama-1800x1800-c\"\n\t\t\t\tdata-description=\"\"\n\t\t\t\tdata-image-slug=\"20167828-diaporama-1800x1800-c\"\n\t\t\t\tclass=\"ngg-simplelightbox\" rel=\"82a01494aa0adf1aa3080c6a645e78f2\">\n\t\t\t\t<img\n\t\t\t\t\ttitle=\"20167828-diaporama-1800x1800-c\"\n\t\t\t\t\talt=\"20167828-diaporama-1800x1800-c\"\n\t\t\t\t\tsrc=\"https:\/\/auchaleureuxcarli.fr\/wp-content\/gallery\/la-nuit\/thumbs\/thumbs-20167828-diaporama-1800x1800-c.jpg\"\n\t\t\t\t\twidth=\"240\"\n\t\t\t\t\theight=\"160\"\n\t\t\t\t\tstyle=\"max-width:100%;\"\n\t\t\t\t\/>\n\t\t\t<\/a>\n\t\t<\/div>\n\t\t\t\t\t\t\t<\/div> \n\t\t\t\n\t\t\t\t<div id=\"ngg-image-4\" class=\"ngg-gallery-thumbnail-box \n\t\t\t\t\t\t\t\t\t\t\t\" \n\t\t\t>\n\t\t\t\t\t\t<div class=\"ngg-gallery-thumbnail\">\n\t\t\t<a href=\"https:\/\/auchaleureuxcarli.fr\/wp-content\/gallery\/la-nuit\/20167825-diaporama-1800x1800-c.jpg\"\n\t\t\t\ttitle=\"\"\n\t\t\t\tdata-src=\"https:\/\/auchaleureuxcarli.fr\/wp-content\/gallery\/la-nuit\/20167825-diaporama-1800x1800-c.jpg\"\n\t\t\t\tdata-thumbnail=\"https:\/\/auchaleureuxcarli.fr\/wp-content\/gallery\/la-nuit\/thumbs\/thumbs-20167825-diaporama-1800x1800-c.jpg\"\n\t\t\t\tdata-image-id=\"8\"\n\t\t\t\tdata-title=\"20167825-diaporama-1800x1800-c\"\n\t\t\t\tdata-description=\"\"\n\t\t\t\tdata-image-slug=\"20167825-diaporama-1800x1800-c\"\n\t\t\t\tclass=\"ngg-simplelightbox\" rel=\"82a01494aa0adf1aa3080c6a645e78f2\">\n\t\t\t\t<img\n\t\t\t\t\ttitle=\"20167825-diaporama-1800x1800-c\"\n\t\t\t\t\talt=\"20167825-diaporama-1800x1800-c\"\n\t\t\t\t\tsrc=\"https:\/\/auchaleureuxcarli.fr\/wp-content\/gallery\/la-nuit\/thumbs\/thumbs-20167825-diaporama-1800x1800-c.jpg\"\n\t\t\t\t\twidth=\"240\"\n\t\t\t\t\theight=\"160\"\n\t\t\t\t\tstyle=\"max-width:100%;\"\n\t\t\t\t\/>\n\t\t\t<\/a>\n\t\t<\/div>\n\t\t\t\t\t\t\t<\/div> \n\t\t\t\n\t\t\t\t<div id=\"ngg-image-5\" class=\"ngg-gallery-thumbnail-box \n\t\t\t\t\t\t\t\t\t\t\t\" \n\t\t\t>\n\t\t\t\t\t\t<div class=\"ngg-gallery-thumbnail\">\n\t\t\t<a href=\"https:\/\/auchaleureuxcarli.fr\/wp-content\/gallery\/la-nuit\/IMG_20230730_103853_Burst01.jpg\"\n\t\t\t\ttitle=\"\"\n\t\t\t\tdata-src=\"https:\/\/auchaleureuxcarli.fr\/wp-content\/gallery\/la-nuit\/IMG_20230730_103853_Burst01.jpg\"\n\t\t\t\tdata-thumbnail=\"https:\/\/auchaleureuxcarli.fr\/wp-content\/gallery\/la-nuit\/thumbs\/thumbs-IMG_20230730_103853_Burst01.jpg\"\n\t\t\t\tdata-image-id=\"9\"\n\t\t\t\tdata-title=\"IMG_20230730_103853_Burst01\"\n\t\t\t\tdata-description=\"\"\n\t\t\t\tdata-image-slug=\"img_20230730_103853_burst01\"\n\t\t\t\tclass=\"ngg-simplelightbox\" rel=\"82a01494aa0adf1aa3080c6a645e78f2\">\n\t\t\t\t<img\n\t\t\t\t\ttitle=\"IMG_20230730_103853_Burst01\"\n\t\t\t\t\talt=\"IMG_20230730_103853_Burst01\"\n\t\t\t\t\tsrc=\"https:\/\/auchaleureuxcarli.fr\/wp-content\/gallery\/la-nuit\/thumbs\/thumbs-IMG_20230730_103853_Burst01.jpg\"\n\t\t\t\t\twidth=\"240\"\n\t\t\t\t\theight=\"160\"\n\t\t\t\t\tstyle=\"max-width:100%;\"\n\t\t\t\t\/>\n\t\t\t<\/a>\n\t\t<\/div>\n\t\t\t\t\t\t\t<\/div> \n\t\t\t\n\t\t\t\t<div id=\"ngg-image-6\" class=\"ngg-gallery-thumbnail-box \n\t\t\t\t\t\t\t\t\t\t\t\" \n\t\t\t>\n\t\t\t\t\t\t<div class=\"ngg-gallery-thumbnail\">\n\t\t\t<a href=\"https:\/\/auchaleureuxcarli.fr\/wp-content\/gallery\/la-nuit\/IMG_20230730_102111.jpg\"\n\t\t\t\ttitle=\"\"\n\t\t\t\tdata-src=\"https:\/\/auchaleureuxcarli.fr\/wp-content\/gallery\/la-nuit\/IMG_20230730_102111.jpg\"\n\t\t\t\tdata-thumbnail=\"https:\/\/auchaleureuxcarli.fr\/wp-content\/gallery\/la-nuit\/thumbs\/thumbs-IMG_20230730_102111.jpg\"\n\t\t\t\tdata-image-id=\"10\"\n\t\t\t\tdata-title=\"IMG_20230730_102111\"\n\t\t\t\tdata-description=\"\"\n\t\t\t\tdata-image-slug=\"img_20230730_102111\"\n\t\t\t\tclass=\"ngg-simplelightbox\" rel=\"82a01494aa0adf1aa3080c6a645e78f2\">\n\t\t\t\t<img\n\t\t\t\t\ttitle=\"IMG_20230730_102111\"\n\t\t\t\t\talt=\"IMG_20230730_102111\"\n\t\t\t\t\tsrc=\"https:\/\/auchaleureuxcarli.fr\/wp-content\/gallery\/la-nuit\/thumbs\/thumbs-IMG_20230730_102111.jpg\"\n\t\t\t\t\twidth=\"240\"\n\t\t\t\t\theight=\"160\"\n\t\t\t\t\tstyle=\"max-width:100%;\"\n\t\t\t\t\/>\n\t\t\t<\/a>\n\t\t<\/div>\n\t\t\t\t\t\t\t<\/div> \n\t\t\t\n\t\n\t<br style=\"clear: both\" \/>\n\n\t\n\t\t<!-- Pagination -->\n\t\t<div class='ngg-clear'><\/div>\t<\/div>\n\n\n\n\n<p>L&#8217;\u00e9tage d\u00e9di\u00e9 \u00e0 la nuit compte 4 chambres, <strong>vos lits sont pr\u00e9par\u00e9s<\/strong> avant votre arriv\u00e9e :<br>&#8211; CH1 : Chambre parentale 1 lit double, fauteuil, espace salle de bain privatif.<br>&#8211; CH2 : 1 lit double + 1 lit simple + 1 \u00e9tag\u00e8re bois<br>&#8211; CH3 : 1 lit double + commode<br>&#8211; CH4 : Chambre familiale 1 lit double + 1 lit superpos\u00e9 + 1 \u00e9tag\u00e8re<\/p>\n\n\n\n<p>La salle de bain dispose d&#8217;une douche \u00e0 l&#8217;italienne, un porte serviette, corbeille, poubelle, range serviette&#8230;.<\/p>\n\n\n\n<p><strong><em>Possibilit\u00e9 de louer un kit serviette : toilette + bain \u00e0 6\u20ac\/personne.<\/em><\/strong><br><br>Un WC se trouve sur chaque \u00e9tage.<\/p>\n","protected":false},"excerpt":{"rendered":"<p>L&#8217;\u00e9tage d\u00e9di\u00e9 \u00e0 la nuit compte 4 chambres, vos lits sont pr\u00e9par\u00e9s avant votre arriv\u00e9e :&#8211; CH1 : Chambre parentale 1 lit double, fauteuil, espace salle de bain privatif.&#8211; CH2 : 1 lit double + 1 lit simple + 1 \u00e9tag\u00e8re bois&#8211; CH3 : 1 lit double + commode&#8211; CH4 : Chambre familiale 1 lit double + 1 lit superpos\u00e9 + 1 \u00e9tag\u00e8re La salle de bain dispose d&#8217;une douche \u00e0 l&#8217;italienne, un porte serviette, corbeille, poubelle, range serviette&#8230;. Possibilit\u00e9 de louer un kit serviette : toilette + bain \u00e0 6\u20ac\/personne. Un WC se trouve sur chaque \u00e9tage.<\/p>\n","protected":false},"author":1,"featured_media":0,"parent":0,"menu_order":0,"comment_status":"closed","ping_status":"closed","template":"","meta":{"om_disable_all_campaigns":false,"_monsterinsights_skip_tracking":false,"_monsterinsights_sitenote_active":false,"_monsterinsights_sitenote_note":"","_monsterinsights_sitenote_category":0,"_uf_show_specific_survey":0,"_uf_disable_surveys":false,"ngg_post_thumbnail":0,"footnotes":""},"class_list":["post-78","page","type-page","status-publish","hentry"],"aioseo_notices":[],"_links":{"self":[{"href":"https:\/\/auchaleureuxcarli.fr\/index.php\/wp-json\/wp\/v2\/pages\/78","targetHints":{"allow":["GET"]}}],"collection":[{"href":"https:\/\/auchaleureuxcarli.fr\/index.php\/wp-json\/wp\/v2\/pages"}],"about":[{"href":"https:\/\/auchaleureuxcarli.fr\/index.php\/wp-json\/wp\/v2\/types\/page"}],"author":[{"embeddable":true,"href":"https:\/\/auchaleureuxcarli.fr\/index.php\/wp-json\/wp\/v2\/users\/1"}],"replies":[{"embeddable":true,"href":"https:\/\/auchaleureuxcarli.fr\/index.php\/wp-json\/wp\/v2\/comments?post=78"}],"version-history":[{"count":5,"href":"https:\/\/auchaleureuxcarli.fr\/index.php\/wp-json\/wp\/v2\/pages\/78\/revisions"}],"predecessor-version":[{"id":222,"href":"https:\/\/auchaleureuxcarli.fr\/index.php\/wp-json\/wp\/v2\/pages\/78\/revisions\/222"}],"wp:attachment":[{"href":"https:\/\/auchaleureuxcarli.fr\/index.php\/wp-json\/wp\/v2\/media?parent=78"}],"curies":[{"name":"wp","href":"https:\/\/api.w.org\/{rel}","templated":true}]}}