{"id":21,"date":"2024-01-04T14:08:15","date_gmt":"2024-01-04T13:08:15","guid":{"rendered":"https:\/\/auchaleureuxcarli.fr\/?page_id=21"},"modified":"2024-01-27T09:23:29","modified_gmt":"2024-01-27T08:23:29","slug":"visite-guidee","status":"publish","type":"page","link":"https:\/\/auchaleureuxcarli.fr\/index.php\/visite-guidee\/","title":{"rendered":"Espace de vie"},"content":{"rendered":"\n<div class=\"wp-block-media-text is-stacked-on-mobile\" style=\"grid-template-columns:31% auto\"><figure class=\"wp-block-media-text__media\"><img loading=\"lazy\" decoding=\"async\" width=\"935\" height=\"768\" src=\"http:\/\/auchaleureuxcarli.fr\/wp-content\/uploads\/2024\/01\/405085054_320548573778807_3195320645197703950_n-1.jpg\" alt=\"\" class=\"wp-image-150 size-full\" srcset=\"https:\/\/auchaleureuxcarli.fr\/wp-content\/uploads\/2024\/01\/405085054_320548573778807_3195320645197703950_n-1.jpg 935w, https:\/\/auchaleureuxcarli.fr\/wp-content\/uploads\/2024\/01\/405085054_320548573778807_3195320645197703950_n-1-300x246.jpg 300w, https:\/\/auchaleureuxcarli.fr\/wp-content\/uploads\/2024\/01\/405085054_320548573778807_3195320645197703950_n-1-768x631.jpg 768w\" sizes=\"auto, (max-width: 935px) 100vw, 935px\" \/><\/figure><div class=\"wp-block-media-text__content\">\n<p><strong>GRILL FINLANDAIS :  <\/strong><br>Centre n\u00e9vralgique du lieu, le Grill Finlandais vous offre un espace convivial o\u00f9 partager des moments inoubliables en famille ou entre amis.  Install\u00e9 sur une terrasse couverte semi-ferm\u00e9e et ouverte sur un bar donnant sur la terrasse, le Grill vous permet de griller  viandes, poissons et l\u00e9gumes au charbon de bois. <\/p>\n<\/div><\/div>\n\n\n\n<div class=\"wp-block-media-text has-media-on-the-right is-stacked-on-mobile\" style=\"grid-template-columns:auto 30%\"><div class=\"wp-block-media-text__content\">\n<p><strong>ESPACE JEUX : <\/strong><br>Prenez place autour d&#8217;une vraie table de jeu r\u00e9alis\u00e9e avec passion par un \u00e9b\u00e9niste local ! Bien install\u00e9, au-dessous d&#8217;une lumi\u00e8re d&#8217;appoint, vous pourrez profiter de plus de 55 jeux mis \u00e0 votre disposition : strat\u00e9gie, ambiance, logique, \u00e9ducatif&#8230; <br>Nul doute que chacun trouvera son bonheur de jeu !<\/p>\n<\/div><figure class=\"wp-block-media-text__media\"><img loading=\"lazy\" decoding=\"async\" width=\"768\" height=\"1024\" src=\"https:\/\/auchaleureuxcarli.fr\/wp-content\/uploads\/2024\/01\/gite-4-Copie-1.jpg\" alt=\"\" class=\"wp-image-63 size-full\" srcset=\"https:\/\/auchaleureuxcarli.fr\/wp-content\/uploads\/2024\/01\/gite-4-Copie-1.jpg 768w, https:\/\/auchaleureuxcarli.fr\/wp-content\/uploads\/2024\/01\/gite-4-Copie-1-225x300.jpg 225w\" sizes=\"auto, (max-width: 768px) 100vw, 768px\" \/><\/figure><\/div>\n\n\n\n<div class=\"wp-block-media-text is-stacked-on-mobile\" style=\"grid-template-columns:35% auto\"><figure class=\"wp-block-media-text__media\"><img loading=\"lazy\" decoding=\"async\" width=\"1024\" height=\"768\" src=\"https:\/\/auchaleureuxcarli.fr\/wp-content\/uploads\/2024\/01\/gite-3-3-1024x768.jpg\" alt=\"\" class=\"wp-image-64 size-full\" srcset=\"https:\/\/auchaleureuxcarli.fr\/wp-content\/uploads\/2024\/01\/gite-3-3-1024x768.jpg 1024w, https:\/\/auchaleureuxcarli.fr\/wp-content\/uploads\/2024\/01\/gite-3-3-300x225.jpg 300w, https:\/\/auchaleureuxcarli.fr\/wp-content\/uploads\/2024\/01\/gite-3-3-768x576.jpg 768w, https:\/\/auchaleureuxcarli.fr\/wp-content\/uploads\/2024\/01\/gite-3-3.jpg 1200w\" sizes=\"auto, (max-width: 1024px) 100vw, 1024px\" \/><\/figure><div class=\"wp-block-media-text__content\">\n<p><strong>ESPACE LECTURE &#8211; ECHECS :<\/strong>  <br>Pour les lecteurs inv\u00e9t\u00e9r\u00e9s ou les enfants en qu\u00eate de conte merveilleux, vous trouverez dans la biblioth\u00e8que une s\u00e9lection de romans, BD et autres guides ! Ou peut-\u00eatre pr\u00e9f\u00e9rerez-vous affronter le cerveau de la bande aux \u00e9checs&#8230;?<\/p>\n<\/div><\/div>\n\n\n\n<!-- default-view.php -->\n<div\n\tclass=\"ngg-galleryoverview default-view \n\t\t\"\n\tid=\"ngg-gallery-9806e4d7e89aa660c7f01f3e29f2aabf-1\">\n\n\t\t<!-- Thumbnails -->\n\t\t\t\t<div id=\"ngg-image-0\" class=\"ngg-gallery-thumbnail-box \n\t\t\t\t\t\t\t\t\t\t\t\" \n\t\t\t>\n\t\t\t\t\t\t<div class=\"ngg-gallery-thumbnail\">\n\t\t\t<a href=\"https:\/\/auchaleureuxcarli.fr\/wp-content\/gallery\/visite\/404111100_238079165990415_1609492627415438865_n.jpg\"\n\t\t\t\ttitle=\"\"\n\t\t\t\tdata-src=\"https:\/\/auchaleureuxcarli.fr\/wp-content\/gallery\/visite\/404111100_238079165990415_1609492627415438865_n.jpg\"\n\t\t\t\tdata-thumbnail=\"https:\/\/auchaleureuxcarli.fr\/wp-content\/gallery\/visite\/thumbs\/thumbs-404111100_238079165990415_1609492627415438865_n.jpg\"\n\t\t\t\tdata-image-id=\"1\"\n\t\t\t\tdata-title=\"404111100_238079165990415_1609492627415438865_n\"\n\t\t\t\tdata-description=\"\"\n\t\t\t\tdata-image-slug=\"404111100_238079165990415_1609492627415438865_n\"\n\t\t\t\tclass=\"ngg-simplelightbox\" rel=\"9806e4d7e89aa660c7f01f3e29f2aabf\">\n\t\t\t\t<img\n\t\t\t\t\ttitle=\"404111100_238079165990415_1609492627415438865_n\"\n\t\t\t\t\talt=\"404111100_238079165990415_1609492627415438865_n\"\n\t\t\t\t\tsrc=\"https:\/\/auchaleureuxcarli.fr\/wp-content\/gallery\/visite\/thumbs\/thumbs-404111100_238079165990415_1609492627415438865_n.jpg\"\n\t\t\t\t\twidth=\"240\"\n\t\t\t\t\theight=\"160\"\n\t\t\t\t\tstyle=\"max-width:100%;\"\n\t\t\t\t\/>\n\t\t\t<\/a>\n\t\t<\/div>\n\t\t\t\t\t\t\t<\/div> \n\t\t\t\n\t\t\t\t<div id=\"ngg-image-1\" class=\"ngg-gallery-thumbnail-box \n\t\t\t\t\t\t\t\t\t\t\t\" \n\t\t\t>\n\t\t\t\t\t\t<div class=\"ngg-gallery-thumbnail\">\n\t\t\t<a href=\"https:\/\/auchaleureuxcarli.fr\/wp-content\/gallery\/visite\/IMG_20230730_095748.jpg\"\n\t\t\t\ttitle=\"\"\n\t\t\t\tdata-src=\"https:\/\/auchaleureuxcarli.fr\/wp-content\/gallery\/visite\/IMG_20230730_095748.jpg\"\n\t\t\t\tdata-thumbnail=\"https:\/\/auchaleureuxcarli.fr\/wp-content\/gallery\/visite\/thumbs\/thumbs-IMG_20230730_095748.jpg\"\n\t\t\t\tdata-image-id=\"2\"\n\t\t\t\tdata-title=\"IMG_20230730_095748\"\n\t\t\t\tdata-description=\"\"\n\t\t\t\tdata-image-slug=\"img_20230730_095748\"\n\t\t\t\tclass=\"ngg-simplelightbox\" rel=\"9806e4d7e89aa660c7f01f3e29f2aabf\">\n\t\t\t\t<img\n\t\t\t\t\ttitle=\"IMG_20230730_095748\"\n\t\t\t\t\talt=\"IMG_20230730_095748\"\n\t\t\t\t\tsrc=\"https:\/\/auchaleureuxcarli.fr\/wp-content\/gallery\/visite\/thumbs\/thumbs-IMG_20230730_095748.jpg\"\n\t\t\t\t\twidth=\"240\"\n\t\t\t\t\theight=\"160\"\n\t\t\t\t\tstyle=\"max-width:100%;\"\n\t\t\t\t\/>\n\t\t\t<\/a>\n\t\t<\/div>\n\t\t\t\t\t\t\t<\/div> \n\t\t\t\n\t\t\t\t<div id=\"ngg-image-2\" class=\"ngg-gallery-thumbnail-box \n\t\t\t\t\t\t\t\t\t\t\t\" \n\t\t\t>\n\t\t\t\t\t\t<div class=\"ngg-gallery-thumbnail\">\n\t\t\t<a href=\"https:\/\/auchaleureuxcarli.fr\/wp-content\/gallery\/visite\/IMG_20230730_095839.jpg\"\n\t\t\t\ttitle=\"\"\n\t\t\t\tdata-src=\"https:\/\/auchaleureuxcarli.fr\/wp-content\/gallery\/visite\/IMG_20230730_095839.jpg\"\n\t\t\t\tdata-thumbnail=\"https:\/\/auchaleureuxcarli.fr\/wp-content\/gallery\/visite\/thumbs\/thumbs-IMG_20230730_095839.jpg\"\n\t\t\t\tdata-image-id=\"3\"\n\t\t\t\tdata-title=\"IMG_20230730_095839\"\n\t\t\t\tdata-description=\"\"\n\t\t\t\tdata-image-slug=\"img_20230730_095839\"\n\t\t\t\tclass=\"ngg-simplelightbox\" rel=\"9806e4d7e89aa660c7f01f3e29f2aabf\">\n\t\t\t\t<img\n\t\t\t\t\ttitle=\"IMG_20230730_095839\"\n\t\t\t\t\talt=\"IMG_20230730_095839\"\n\t\t\t\t\tsrc=\"https:\/\/auchaleureuxcarli.fr\/wp-content\/gallery\/visite\/thumbs\/thumbs-IMG_20230730_095839.jpg\"\n\t\t\t\t\twidth=\"240\"\n\t\t\t\t\theight=\"160\"\n\t\t\t\t\tstyle=\"max-width:100%;\"\n\t\t\t\t\/>\n\t\t\t<\/a>\n\t\t<\/div>\n\t\t\t\t\t\t\t<\/div> \n\t\t\t\n\t\t\t\t<div id=\"ngg-image-3\" class=\"ngg-gallery-thumbnail-box \n\t\t\t\t\t\t\t\t\t\t\t\" \n\t\t\t>\n\t\t\t\t\t\t<div class=\"ngg-gallery-thumbnail\">\n\t\t\t<a href=\"https:\/\/auchaleureuxcarli.fr\/wp-content\/gallery\/visite\/gite-2.jpg\"\n\t\t\t\ttitle=\"\"\n\t\t\t\tdata-src=\"https:\/\/auchaleureuxcarli.fr\/wp-content\/gallery\/visite\/gite-2.jpg\"\n\t\t\t\tdata-thumbnail=\"https:\/\/auchaleureuxcarli.fr\/wp-content\/gallery\/visite\/thumbs\/thumbs-gite-2.jpg\"\n\t\t\t\tdata-image-id=\"11\"\n\t\t\t\tdata-title=\"gite-2\"\n\t\t\t\tdata-description=\"\"\n\t\t\t\tdata-image-slug=\"gite-2\"\n\t\t\t\tclass=\"ngg-simplelightbox\" rel=\"9806e4d7e89aa660c7f01f3e29f2aabf\">\n\t\t\t\t<img\n\t\t\t\t\ttitle=\"gite-2\"\n\t\t\t\t\talt=\"gite-2\"\n\t\t\t\t\tsrc=\"https:\/\/auchaleureuxcarli.fr\/wp-content\/gallery\/visite\/thumbs\/thumbs-gite-2.jpg\"\n\t\t\t\t\twidth=\"240\"\n\t\t\t\t\theight=\"160\"\n\t\t\t\t\tstyle=\"max-width:100%;\"\n\t\t\t\t\/>\n\t\t\t<\/a>\n\t\t<\/div>\n\t\t\t\t\t\t\t<\/div> \n\t\t\t\n\t\n\t<br style=\"clear: both\" \/>\n\n\t\n\t\t<!-- Pagination -->\n\t\t<div class='ngg-clear'><\/div>\t<\/div>\n\n\n\n\n<p><strong>CUISINE : <\/strong><br>Enti\u00e8rement \u00e9quip\u00e9e, la cuisine dispose : d&#8217;un four, four micro-ondes, lave-vaisselle, frigo, compartiment cong\u00e9lateur, cafeti\u00e8re classique + dosettes, Grille-pain, bouilloire, mixeur, appareil \u00e0 raclette, cocotte, balance, planche \u00e0 d\u00e9couper, plateau, carafe \u00e0 vin, essoreuse, moule \u00e0 g\u00e2teaux, ustensiles en tout genre : fouet, grande cuill\u00e8re, r\u00e2pe, coupe pizza, tire-bouchon, ciseau, plateau, planche&#8230;. Et toute la vaisselle n\u00e9cessaire \u00e0 un groupe de 11 personnes (vaisselle doubl\u00e9e).<br>Vous pourrez trouver le &#8220;kit de secours&#8221; : huile, poivre, caf\u00e9, cacao&#8230;<br>Les torchons et serviettes de table sont fournis.<\/p>\n\n\n\n<p><strong>SALON : <\/strong><br>Espace salon avec canap\u00e9 d&#8217;angle, table basse et TV \u00e9cran plat.<\/p>\n\n\n\n<p><strong>BUANDERIE :<\/strong><br>\u00c0 votre disposition : Lave-linge\/S\u00e8che-linge, fer \u00e0 repasser, \u00e9tendage, pince \u00e0 linge, corbeille, balai, serpill\u00e8re, aspirateur, produits d&#8217;entretien&#8230;<\/p>\n","protected":false},"excerpt":{"rendered":"<p>GRILL FINLANDAIS : Centre n\u00e9vralgique du lieu, le Grill Finlandais vous offre un espace convivial o\u00f9 partager des moments inoubliables en famille ou entre amis. Install\u00e9 sur une terrasse couverte semi-ferm\u00e9e et ouverte sur un bar donnant sur la terrasse, le Grill vous permet de griller viandes, poissons et l\u00e9gumes au charbon de bois. ESPACE JEUX : Prenez place autour d&#8217;une vraie table de jeu r\u00e9alis\u00e9e avec passion par un \u00e9b\u00e9niste local ! Bien install\u00e9, au-dessous d&#8217;une lumi\u00e8re d&#8217;appoint, vous pourrez profiter de plus de 55 jeux mis \u00e0 votre disposition : strat\u00e9gie, ambiance, logique, \u00e9ducatif&#8230; Nul doute que chacun trouvera son bonheur de jeu ! ESPACE LECTURE &#8211; ECHECS : Pour les lecteurs inv\u00e9t\u00e9r\u00e9s ou les enfants en qu\u00eate de conte merveilleux, vous trouverez dans la biblioth\u00e8que une s\u00e9lection de romans, BD et autres guides ! Ou peut-\u00eatre pr\u00e9f\u00e9rerez-vous affronter le cerveau de la bande aux \u00e9checs&#8230;? CUISINE : Enti\u00e8rement \u00e9quip\u00e9e, la cuisine dispose : d&#8217;un four, four micro-ondes, lave-vaisselle, frigo, compartiment cong\u00e9lateur, cafeti\u00e8re classique + dosettes, Grille-pain, bouilloire, mixeur, appareil \u00e0 raclette, cocotte, balance, planche \u00e0 d\u00e9couper, plateau, carafe \u00e0 vin, essoreuse, moule \u00e0 g\u00e2teaux, ustensiles en tout genre : fouet, grande cuill\u00e8re, r\u00e2pe, coupe pizza, tire-bouchon, ciseau, plateau, planche&#8230;. Et toute la vaisselle n\u00e9cessaire \u00e0 un groupe de 11 personnes (vaisselle doubl\u00e9e).Vous pourrez trouver le &#8220;kit de secours&#8221; : huile, poivre, caf\u00e9, cacao&#8230;Les torchons et serviettes de table sont fournis. SALON : Espace salon avec canap\u00e9 d&#8217;angle, table basse et TV \u00e9cran plat. BUANDERIE :\u00c0 votre disposition : Lave-linge\/S\u00e8che-linge, fer \u00e0 repasser, \u00e9tendage, pince \u00e0 linge, corbeille, balai, serpill\u00e8re, aspirateur, produits d&#8217;entretien&#8230;<\/p>\n","protected":false},"author":1,"featured_media":0,"parent":0,"menu_order":0,"comment_status":"closed","ping_status":"closed","template":"","meta":{"om_disable_all_campaigns":false,"_monsterinsights_skip_tracking":false,"_monsterinsights_sitenote_active":false,"_monsterinsights_sitenote_note":"","_monsterinsights_sitenote_category":0,"_uf_show_specific_survey":0,"_uf_disable_surveys":false,"ngg_post_thumbnail":0,"footnotes":""},"class_list":["post-21","page","type-page","status-publish","hentry"],"aioseo_notices":[],"_links":{"self":[{"href":"https:\/\/auchaleureuxcarli.fr\/index.php\/wp-json\/wp\/v2\/pages\/21","targetHints":{"allow":["GET"]}}],"collection":[{"href":"https:\/\/auchaleureuxcarli.fr\/index.php\/wp-json\/wp\/v2\/pages"}],"about":[{"href":"https:\/\/auchaleureuxcarli.fr\/index.php\/wp-json\/wp\/v2\/types\/page"}],"author":[{"embeddable":true,"href":"https:\/\/auchaleureuxcarli.fr\/index.php\/wp-json\/wp\/v2\/users\/1"}],"replies":[{"embeddable":true,"href":"https:\/\/auchaleureuxcarli.fr\/index.php\/wp-json\/wp\/v2\/comments?post=21"}],"version-history":[{"count":19,"href":"https:\/\/auchaleureuxcarli.fr\/index.php\/wp-json\/wp\/v2\/pages\/21\/revisions"}],"predecessor-version":[{"id":218,"href":"https:\/\/auchaleureuxcarli.fr\/index.php\/wp-json\/wp\/v2\/pages\/21\/revisions\/218"}],"wp:attachment":[{"href":"https:\/\/auchaleureuxcarli.fr\/index.php\/wp-json\/wp\/v2\/media?parent=21"}],"curies":[{"name":"wp","href":"https:\/\/api.w.org\/{rel}","templated":true}]}}