{"id":132,"date":"2024-01-04T20:18:14","date_gmt":"2024-01-04T19:18:14","guid":{"rendered":"https:\/\/auchaleureuxcarli.fr\/?page_id=132"},"modified":"2024-01-27T09:27:30","modified_gmt":"2024-01-27T08:27:30","slug":"tourisme","status":"publish","type":"page","link":"https:\/\/auchaleureuxcarli.fr\/index.php\/tourisme\/","title":{"rendered":"Tourisme"},"content":{"rendered":"\n<p>Tous les commerces n\u00e9cessaires \u00e0 vos vacances se trouvent \u00e0 moins de 5 minutes en voiture de votre location :<br><strong>A Siaugues<\/strong> : <br> &#8211; Boulangerie-P\u00e2tisserie AUX D\u00c9LICES DES OLIVIERS <br> &#8211; \u00c9picerie VIVAL CASINO<br> &#8211; Boucherie-Charcuterie SIBAUD Fabien<br> &#8211; Restaurant LA MAISON<br> &#8211; Bar-Tabac-Presse LE RELAIS 43<br> &#8211; Produits fermiers GAEC du plein air \/ Vente directe<br> &#8211; Produits de la ruche MIELLERIE DE LA DURANDE<br> &#8211; Institut de beaut\u00e9 LE TEMPS D\u2019UN INSTANT<br> &#8211; Salon de coiffure LOPES ESTELLE<br> &#8211; Espace baln\u00e9o et relaxation \u2013 sophrologie AU CHANT DE L\u2019EAU<br>Retrouvez tous les commerces ici : <em><a href=\"https:\/\/www.mairie-siaugues-stemarie.fr\/commerces-artisans-mairie-43-hauteloire_fr.html\">Commerce Siaugues<\/a><\/em><\/p>\n\n\n\n<p><strong>A Fix-St-Geneys :<\/strong><br> &#8211; Boulangerie-P\u00e2tisserie AU B\u00c9B\u00c9 GOURMAND<br> &#8211; Salaisons de Fix St Geneys<br> &#8211; Brocante AU P&#8217;TIT CHINEUR<\/p>\n\n\n\n<p><strong>A Ste Eug\u00e9nie de Villeneuve<\/strong><br> &#8211; Produits fermiers GAEC DU P&#8217;CH\u00c9 \/ vente directe<\/p>\n\n\n\n<div class=\"wp-block-media-text is-stacked-on-mobile\"><figure class=\"wp-block-media-text__media\"><img loading=\"lazy\" decoding=\"async\" width=\"403\" height=\"260\" src=\"https:\/\/auchaleureuxcarli.fr\/wp-content\/uploads\/2024\/01\/carte-atelier-haute-loire-1.jpg\" alt=\"\" class=\"wp-image-143 size-full\" srcset=\"https:\/\/auchaleureuxcarli.fr\/wp-content\/uploads\/2024\/01\/carte-atelier-haute-loire-1.jpg 403w, https:\/\/auchaleureuxcarli.fr\/wp-content\/uploads\/2024\/01\/carte-atelier-haute-loire-1-300x194.jpg 300w\" sizes=\"auto, (max-width: 403px) 100vw, 403px\" \/><\/figure><div class=\"wp-block-media-text__content\">\n<p>Id\u00e9alement situ\u00e9 entre Le Puy en Velay et Brioude, retrouvez tout autour de votre location, entre 10 et 30 minutes, de grands sites touristiques, des sports d&#8217;eau vive, des activit\u00e9s sportives, des visites culturelles&#8230;et de belles rencontres.<br><strong><em>N&#8217;h\u00e9sitez pas \u00e0 demander conseil \u00e0 vos h\u00f4tes ou \u00e0 solliciter un agent touristique !<\/em><\/strong><\/p>\n<\/div><\/div>\n\n\n\n<hr class=\"wp-block-separator has-alpha-channel-opacity\"\/>\n\n\n\n<p><em>Cliquez sur l&#8217;image pour basculer sur le site touristique :<\/em><\/p>\n\n\n\n<div class=\"wp-block-group is-vertical is-layout-flex wp-container-core-group-is-layout-8cf370e7 wp-block-group-is-layout-flex\">\n<figure class=\"wp-block-image size-large\"><a href=\"https:\/\/www.gorges-allier.com\" target=\"_blank\" rel=\"noreferrer noopener\"><img loading=\"lazy\" decoding=\"async\" width=\"1024\" height=\"565\" src=\"https:\/\/auchaleureuxcarli.fr\/wp-content\/uploads\/2024\/01\/gorges-1024x565.jpg\" alt=\"\" class=\"wp-image-138\" srcset=\"https:\/\/auchaleureuxcarli.fr\/wp-content\/uploads\/2024\/01\/gorges-1024x565.jpg 1024w, https:\/\/auchaleureuxcarli.fr\/wp-content\/uploads\/2024\/01\/gorges-300x166.jpg 300w, https:\/\/auchaleureuxcarli.fr\/wp-content\/uploads\/2024\/01\/gorges-768x424.jpg 768w, https:\/\/auchaleureuxcarli.fr\/wp-content\/uploads\/2024\/01\/gorges-1140x629.jpg 1140w, https:\/\/auchaleureuxcarli.fr\/wp-content\/uploads\/2024\/01\/gorges.jpg 1200w\" sizes=\"auto, (max-width: 1024px) 100vw, 1024px\" \/><\/a><\/figure>\n<\/div>\n\n\n\n<hr class=\"wp-block-separator has-alpha-channel-opacity\"\/>\n\n\n\n<figure class=\"wp-block-image size-large\"><a href=\"https:\/\/www.lepuyenvelay-tourisme.fr\/\" target=\"_blank\" rel=\"noreferrer noopener\"><img loading=\"lazy\" decoding=\"async\" width=\"1024\" height=\"503\" src=\"https:\/\/auchaleureuxcarli.fr\/wp-content\/uploads\/2024\/01\/le-puy-1024x503.jpg\" alt=\"\" class=\"wp-image-139\" srcset=\"https:\/\/auchaleureuxcarli.fr\/wp-content\/uploads\/2024\/01\/le-puy-1024x503.jpg 1024w, https:\/\/auchaleureuxcarli.fr\/wp-content\/uploads\/2024\/01\/le-puy-300x147.jpg 300w, https:\/\/auchaleureuxcarli.fr\/wp-content\/uploads\/2024\/01\/le-puy-768x377.jpg 768w, https:\/\/auchaleureuxcarli.fr\/wp-content\/uploads\/2024\/01\/le-puy-1140x560.jpg 1140w, https:\/\/auchaleureuxcarli.fr\/wp-content\/uploads\/2024\/01\/le-puy.jpg 1200w\" sizes=\"auto, (max-width: 1024px) 100vw, 1024px\" \/><\/a><\/figure>\n\n\n\n<hr class=\"wp-block-separator has-alpha-channel-opacity\"\/>\n\n\n\n<figure class=\"wp-block-image size-large\"><a href=\"https:\/\/www.tourisme-brioudesudauvergne.fr\/\" target=\"_blank\" rel=\"noreferrer noopener\"><img loading=\"lazy\" decoding=\"async\" width=\"1024\" height=\"567\" src=\"https:\/\/auchaleureuxcarli.fr\/wp-content\/uploads\/2024\/01\/Brioude-1024x567.jpg\" alt=\"\" class=\"wp-image-140\" srcset=\"https:\/\/auchaleureuxcarli.fr\/wp-content\/uploads\/2024\/01\/Brioude-1024x567.jpg 1024w, https:\/\/auchaleureuxcarli.fr\/wp-content\/uploads\/2024\/01\/Brioude-300x166.jpg 300w, https:\/\/auchaleureuxcarli.fr\/wp-content\/uploads\/2024\/01\/Brioude-768x425.jpg 768w, https:\/\/auchaleureuxcarli.fr\/wp-content\/uploads\/2024\/01\/Brioude-1140x631.jpg 1140w, https:\/\/auchaleureuxcarli.fr\/wp-content\/uploads\/2024\/01\/Brioude.jpg 1200w\" sizes=\"auto, (max-width: 1024px) 100vw, 1024px\" \/><\/a><\/figure>\n\n\n\n<hr class=\"wp-block-separator has-alpha-channel-opacity\"\/>\n\n\n\n<figure class=\"wp-block-image size-large\"><a href=\"https:\/\/www.myhauteloire.fr\/\" target=\"_blank\" rel=\"noreferrer noopener\"><img loading=\"lazy\" decoding=\"async\" width=\"1024\" height=\"527\" src=\"https:\/\/auchaleureuxcarli.fr\/wp-content\/uploads\/2024\/01\/my-haute-loire-1024x527.jpg\" alt=\"\" class=\"wp-image-141\" srcset=\"https:\/\/auchaleureuxcarli.fr\/wp-content\/uploads\/2024\/01\/my-haute-loire-1024x527.jpg 1024w, https:\/\/auchaleureuxcarli.fr\/wp-content\/uploads\/2024\/01\/my-haute-loire-300x154.jpg 300w, https:\/\/auchaleureuxcarli.fr\/wp-content\/uploads\/2024\/01\/my-haute-loire-768x395.jpg 768w, https:\/\/auchaleureuxcarli.fr\/wp-content\/uploads\/2024\/01\/my-haute-loire-1140x586.jpg 1140w, https:\/\/auchaleureuxcarli.fr\/wp-content\/uploads\/2024\/01\/my-haute-loire.jpg 1200w\" sizes=\"auto, (max-width: 1024px) 100vw, 1024px\" \/><\/a><\/figure>\n","protected":false},"excerpt":{"rendered":"<p>Tous les commerces n\u00e9cessaires \u00e0 vos vacances se trouvent \u00e0 moins de 5 minutes en voiture de votre location :A Siaugues : &#8211; Boulangerie-P\u00e2tisserie AUX D\u00c9LICES DES OLIVIERS &#8211; \u00c9picerie VIVAL CASINO &#8211; Boucherie-Charcuterie SIBAUD Fabien &#8211; Restaurant LA MAISON &#8211; Bar-Tabac-Presse LE RELAIS 43 &#8211; Produits fermiers GAEC du plein air \/ Vente directe &#8211; Produits de la ruche MIELLERIE DE LA DURANDE &#8211; Institut de beaut\u00e9 LE TEMPS D\u2019UN INSTANT &#8211; Salon de coiffure LOPES ESTELLE &#8211; Espace baln\u00e9o et relaxation \u2013 sophrologie AU CHANT DE L\u2019EAURetrouvez tous les commerces ici : Commerce Siaugues A Fix-St-Geneys : &#8211; Boulangerie-P\u00e2tisserie AU B\u00c9B\u00c9 GOURMAND &#8211; Salaisons de Fix St Geneys &#8211; Brocante AU P&#8217;TIT CHINEUR A Ste Eug\u00e9nie de Villeneuve &#8211; Produits fermiers GAEC DU P&#8217;CH\u00c9 \/ vente directe Id\u00e9alement situ\u00e9 entre Le Puy en Velay et Brioude, retrouvez tout autour de votre location, entre 10 et 30 minutes, de grands sites touristiques, des sports d&#8217;eau vive, des activit\u00e9s sportives, des visites culturelles&#8230;et de belles rencontres.N&#8217;h\u00e9sitez pas \u00e0 demander conseil \u00e0 vos h\u00f4tes ou \u00e0 solliciter un agent touristique ! Cliquez sur l&#8217;image pour basculer sur le site touristique :<\/p>\n","protected":false},"author":1,"featured_media":0,"parent":0,"menu_order":0,"comment_status":"closed","ping_status":"closed","template":"","meta":{"om_disable_all_campaigns":false,"_monsterinsights_skip_tracking":false,"_monsterinsights_sitenote_active":false,"_monsterinsights_sitenote_note":"","_monsterinsights_sitenote_category":0,"_uf_show_specific_survey":0,"_uf_disable_surveys":false,"ngg_post_thumbnail":0,"footnotes":""},"class_list":["post-132","page","type-page","status-publish","hentry"],"aioseo_notices":[],"_links":{"self":[{"href":"https:\/\/auchaleureuxcarli.fr\/index.php\/wp-json\/wp\/v2\/pages\/132","targetHints":{"allow":["GET"]}}],"collection":[{"href":"https:\/\/auchaleureuxcarli.fr\/index.php\/wp-json\/wp\/v2\/pages"}],"about":[{"href":"https:\/\/auchaleureuxcarli.fr\/index.php\/wp-json\/wp\/v2\/types\/page"}],"author":[{"embeddable":true,"href":"https:\/\/auchaleureuxcarli.fr\/index.php\/wp-json\/wp\/v2\/users\/1"}],"replies":[{"embeddable":true,"href":"https:\/\/auchaleureuxcarli.fr\/index.php\/wp-json\/wp\/v2\/comments?post=132"}],"version-history":[{"count":9,"href":"https:\/\/auchaleureuxcarli.fr\/index.php\/wp-json\/wp\/v2\/pages\/132\/revisions"}],"predecessor-version":[{"id":219,"href":"https:\/\/auchaleureuxcarli.fr\/index.php\/wp-json\/wp\/v2\/pages\/132\/revisions\/219"}],"wp:attachment":[{"href":"https:\/\/auchaleureuxcarli.fr\/index.php\/wp-json\/wp\/v2\/media?parent=132"}],"curies":[{"name":"wp","href":"https:\/\/api.w.org\/{rel}","templated":true}]}}